{"id":204,"date":"2023-10-11T08:07:42","date_gmt":"2023-10-11T08:07:42","guid":{"rendered":"https:\/\/svtvalut.net\/?page_id=204"},"modified":"2025-12-11T14:04:58","modified_gmt":"2025-12-11T14:04:58","slug":"lisavarusteet-ja-tarvikkeet","status":"publish","type":"page","link":"https:\/\/svtvalut.net\/index.php\/lisavarusteet-ja-tarvikkeet\/","title":{"rendered":"Muut tuotteet"},"content":{"rendered":"\n<p class=\"has-cyan-bluish-gray-background-color has-background\" style=\"font-size:1px\"><\/p>\n\n\n\n<div class=\"wp-block-media-text is-stacked-on-mobile has-white-background-color has-background\" style=\"grid-template-columns:20% auto\"><figure class=\"wp-block-media-text__media\"><a href=\"https:\/\/svtvalut.net\/wp-content\/uploads\/2023\/10\/701_ylaviisto.jpg\" target=\"_blank\" rel=\"noreferrer noopener\"><img loading=\"lazy\" decoding=\"async\" width=\"1024\" height=\"635\" src=\"https:\/\/svtvalut.net\/wp-content\/uploads\/2023\/10\/701_ylaviisto-1024x635.jpg\" alt=\"\" class=\"wp-image-211 size-full\" srcset=\"https:\/\/svtvalut.net\/wp-content\/uploads\/2023\/10\/701_ylaviisto-1024x635.jpg 1024w, https:\/\/svtvalut.net\/wp-content\/uploads\/2023\/10\/701_ylaviisto-300x186.jpg 300w, https:\/\/svtvalut.net\/wp-content\/uploads\/2023\/10\/701_ylaviisto-768x476.jpg 768w, https:\/\/svtvalut.net\/wp-content\/uploads\/2023\/10\/701_ylaviisto-1536x952.jpg 1536w, https:\/\/svtvalut.net\/wp-content\/uploads\/2023\/10\/701_ylaviisto-2048x1270.jpg 2048w\" sizes=\"auto, (max-width: 1024px) 100vw, 1024px\" \/><\/a><\/figure><div class=\"wp-block-media-text__content\">\n<p class=\"has-text-align-center\">701<\/p>\n\n\n\n<p class=\"has-text-align-center\">VALURAUTAINEN MUURINPOHJAPANNU<\/p>\n\n\n\n<p class=\"has-text-align-center\">350 mm<br><\/p>\n<\/div><\/div>\n\n\n\n<p class=\"has-cyan-bluish-gray-background-color has-background\" style=\"font-size:1px\"><\/p>\n\n\n\n<div class=\"wp-block-media-text is-stacked-on-mobile has-white-background-color has-background\" style=\"grid-template-columns:20% auto\"><figure class=\"wp-block-media-text__media\"><a href=\"https:\/\/svtvalut.net\/wp-content\/uploads\/2023\/10\/702_ylaviisto.jpg\" target=\"_blank\" rel=\"noreferrer noopener\"><img loading=\"lazy\" decoding=\"async\" width=\"1024\" height=\"928\" src=\"https:\/\/svtvalut.net\/wp-content\/uploads\/2023\/10\/702_ylaviisto-1024x928.jpg\" alt=\"\" class=\"wp-image-210 size-full\" srcset=\"https:\/\/svtvalut.net\/wp-content\/uploads\/2023\/10\/702_ylaviisto-1024x928.jpg 1024w, https:\/\/svtvalut.net\/wp-content\/uploads\/2023\/10\/702_ylaviisto-300x272.jpg 300w, https:\/\/svtvalut.net\/wp-content\/uploads\/2023\/10\/702_ylaviisto-768x696.jpg 768w, https:\/\/svtvalut.net\/wp-content\/uploads\/2023\/10\/702_ylaviisto-1536x1393.jpg 1536w, https:\/\/svtvalut.net\/wp-content\/uploads\/2023\/10\/702_ylaviisto.jpg 1628w\" sizes=\"auto, (max-width: 1024px) 100vw, 1024px\" \/><\/a><\/figure><div class=\"wp-block-media-text__content\">\n<p class=\"has-text-align-center\"> 702<\/p>\n\n\n\n<p class=\"has-text-align-center\">VALURAUTAINEN MUURINPOHJAPANNU<\/p>\n\n\n\n<p class=\"has-text-align-center\">430 mm<\/p>\n<\/div><\/div>\n\n\n\n<p class=\"has-cyan-bluish-gray-background-color has-background\" style=\"font-size:1px\"><\/p>\n\n\n\n<div class=\"wp-block-media-text is-stacked-on-mobile has-white-background-color has-background\" style=\"grid-template-columns:23% auto\"><figure class=\"wp-block-media-text__media\"><a href=\"https:\/\/svtvalut.net\/wp-content\/uploads\/2023\/10\/705_ylaviisto_kulma.jpg\" target=\"_blank\" rel=\"noreferrer noopener\"><img loading=\"lazy\" decoding=\"async\" width=\"1024\" height=\"562\" src=\"https:\/\/svtvalut.net\/wp-content\/uploads\/2023\/10\/705_ylaviisto_kulma-1024x562.jpg\" alt=\"\" class=\"wp-image-212 size-full\" srcset=\"https:\/\/svtvalut.net\/wp-content\/uploads\/2023\/10\/705_ylaviisto_kulma-1024x562.jpg 1024w, https:\/\/svtvalut.net\/wp-content\/uploads\/2023\/10\/705_ylaviisto_kulma-300x165.jpg 300w, https:\/\/svtvalut.net\/wp-content\/uploads\/2023\/10\/705_ylaviisto_kulma-768x422.jpg 768w, https:\/\/svtvalut.net\/wp-content\/uploads\/2023\/10\/705_ylaviisto_kulma-1536x844.jpg 1536w, https:\/\/svtvalut.net\/wp-content\/uploads\/2023\/10\/705_ylaviisto_kulma.jpg 1919w\" sizes=\"auto, (max-width: 1024px) 100vw, 1024px\" \/><\/a><\/figure><div class=\"wp-block-media-text__content\">\n<p class=\"has-text-align-center\"> 705<\/p>\n\n\n\n<p class=\"has-text-align-center\">VALURAUTAINEN PANNUPARILA<\/p>\n\n\n\n<p class=\"has-text-align-center\">430 mm<\/p>\n<\/div><\/div>\n\n\n\n<p class=\"has-cyan-bluish-gray-background-color has-background\" style=\"font-size:1px\"><\/p>\n\n\n\n<div class=\"wp-block-media-text is-stacked-on-mobile has-white-background-color has-background\" style=\"grid-template-columns:20% auto\"><figure class=\"wp-block-media-text__media\"><a href=\"https:\/\/svtvalut.net\/wp-content\/uploads\/2023\/10\/820.jpg\" target=\"_blank\" rel=\"noreferrer noopener\"><img loading=\"lazy\" decoding=\"async\" width=\"1024\" height=\"605\" src=\"https:\/\/svtvalut.net\/wp-content\/uploads\/2023\/10\/820-1024x605.jpg\" alt=\"\" class=\"wp-image-205 size-full\" srcset=\"https:\/\/svtvalut.net\/wp-content\/uploads\/2023\/10\/820-1024x605.jpg 1024w, https:\/\/svtvalut.net\/wp-content\/uploads\/2023\/10\/820-300x177.jpg 300w, https:\/\/svtvalut.net\/wp-content\/uploads\/2023\/10\/820-768x454.jpg 768w, https:\/\/svtvalut.net\/wp-content\/uploads\/2023\/10\/820-1536x908.jpg 1536w, https:\/\/svtvalut.net\/wp-content\/uploads\/2023\/10\/820.jpg 1842w\" sizes=\"auto, (max-width: 1024px) 100vw, 1024px\" \/><\/a><\/figure><div class=\"wp-block-media-text__content\">\n<p class=\"has-text-align-center\">820<\/p>\n\n\n\n<p class=\"has-text-align-center\">TUHKALAATIKKO, PELTI\u00c4<br>mitat 90x220x400 mm<\/p>\n<\/div><\/div>\n\n\n\n<p class=\"has-cyan-bluish-gray-background-color has-background\" style=\"font-size:1px\"><\/p>\n\n\n\n<div class=\"wp-block-media-text is-stacked-on-mobile has-white-background-color has-background\" style=\"grid-template-columns:19% auto\"><figure class=\"wp-block-media-text__media\"><a href=\"https:\/\/svtvalut.net\/wp-content\/uploads\/2023\/10\/830_ylaviisto.jpg\" target=\"_blank\" rel=\"noreferrer noopener\"><img loading=\"lazy\" decoding=\"async\" width=\"661\" height=\"557\" src=\"https:\/\/svtvalut.net\/wp-content\/uploads\/2023\/10\/830_ylaviisto.jpg\" alt=\"\" class=\"wp-image-206 size-full\" srcset=\"https:\/\/svtvalut.net\/wp-content\/uploads\/2023\/10\/830_ylaviisto.jpg 661w, https:\/\/svtvalut.net\/wp-content\/uploads\/2023\/10\/830_ylaviisto-300x253.jpg 300w\" sizes=\"auto, (max-width: 661px) 100vw, 661px\" \/><\/a><\/figure><div class=\"wp-block-media-text__content\">\n<p class=\"has-text-align-center\">830-831<\/p>\n\n\n\n<p class=\"has-text-align-center\">VALURAUTAINEN IRTONUPPI MUSTA<br>830 M6 kierteell\u00e4<br>831 M8 kierteell\u00e4<\/p>\n<\/div><\/div>\n\n\n\n<p class=\"has-cyan-bluish-gray-background-color has-background\" style=\"font-size:1px\"><\/p>\n\n\n\n<div class=\"wp-block-media-text is-stacked-on-mobile has-white-background-color has-background\" style=\"grid-template-columns:20% auto\"><figure class=\"wp-block-media-text__media\"><img loading=\"lazy\" decoding=\"async\" width=\"300\" height=\"328\" src=\"https:\/\/svtvalut.net\/wp-content\/uploads\/2023\/10\/840.jpg\" alt=\"\" class=\"wp-image-244 size-full\" srcset=\"https:\/\/svtvalut.net\/wp-content\/uploads\/2023\/10\/840.jpg 300w, https:\/\/svtvalut.net\/wp-content\/uploads\/2023\/10\/840-274x300.jpg 274w\" sizes=\"auto, (max-width: 300px) 100vw, 300px\" \/><\/figure><div class=\"wp-block-media-text__content\">\n<p class=\"has-text-align-center\">840<\/p>\n\n\n\n<p class=\"has-text-align-center\">Kipin\u00e4verkko pari<\/p>\n\n\n\n<p class=\"has-text-align-center\">koko 385\u00d7190 mm<br>K\u00e4y takkaluukkuihin 401-404<\/p>\n<\/div><\/div>\n\n\n\n<p class=\"has-cyan-bluish-gray-background-color has-background\" style=\"font-size:1px\"><\/p>\n\n\n\n<div class=\"wp-block-media-text is-stacked-on-mobile has-white-background-color has-background\" style=\"grid-template-columns:18% auto\"><figure class=\"wp-block-media-text__media\"><img loading=\"lazy\" decoding=\"async\" width=\"300\" height=\"381\" src=\"https:\/\/svtvalut.net\/wp-content\/uploads\/2023\/10\/841.jpg\" alt=\"\" class=\"wp-image-245 size-full\" srcset=\"https:\/\/svtvalut.net\/wp-content\/uploads\/2023\/10\/841.jpg 300w, https:\/\/svtvalut.net\/wp-content\/uploads\/2023\/10\/841-236x300.jpg 236w\" sizes=\"auto, (max-width: 300px) 100vw, 300px\" \/><\/figure><div class=\"wp-block-media-text__content\">\n<p class=\"has-text-align-center\">841<\/p>\n\n\n\n<p class=\"has-text-align-center\">Kipin\u00e4verkko pari<\/p>\n\n\n\n<p class=\"has-text-align-center\">koko 280\u00d7125 mm<br>K\u00e4y takkaluukkuihin 408-409<\/p>\n<\/div><\/div>\n\n\n\n<p><\/p>\n","protected":false},"excerpt":{"rendered":"<p>701 VALURAUTAINEN MUURINPOHJAPANNU 350 mm 702 VALURAUTAINEN MUURINPOHJAPANNU 430 mm 705 VALURAUTAINEN PANNUPARILA 430 mm 820 TUHKALAATIKKO, PELTI\u00c4mitat 90x220x400 mm 830-831 VALURAUTAINEN IRTONUPPI MUSTA830 M6 kierteell\u00e4831 M8 kierteell\u00e4 840 Kipin\u00e4verkko pari koko 385\u00d7190 mmK\u00e4y takkaluukkuihin 401-404 841 Kipin\u00e4verkko pari koko 280\u00d7125 mmK\u00e4y takkaluukkuihin 408-409<\/p>\n","protected":false},"author":1,"featured_media":0,"parent":0,"menu_order":0,"comment_status":"closed","ping_status":"closed","template":"","meta":{"footnotes":""},"class_list":["post-204","page","type-page","status-publish","hentry"],"_links":{"self":[{"href":"https:\/\/svtvalut.net\/index.php\/wp-json\/wp\/v2\/pages\/204","targetHints":{"allow":["GET"]}}],"collection":[{"href":"https:\/\/svtvalut.net\/index.php\/wp-json\/wp\/v2\/pages"}],"about":[{"href":"https:\/\/svtvalut.net\/index.php\/wp-json\/wp\/v2\/types\/page"}],"author":[{"embeddable":true,"href":"https:\/\/svtvalut.net\/index.php\/wp-json\/wp\/v2\/users\/1"}],"replies":[{"embeddable":true,"href":"https:\/\/svtvalut.net\/index.php\/wp-json\/wp\/v2\/comments?post=204"}],"version-history":[{"count":7,"href":"https:\/\/svtvalut.net\/index.php\/wp-json\/wp\/v2\/pages\/204\/revisions"}],"predecessor-version":[{"id":726,"href":"https:\/\/svtvalut.net\/index.php\/wp-json\/wp\/v2\/pages\/204\/revisions\/726"}],"wp:attachment":[{"href":"https:\/\/svtvalut.net\/index.php\/wp-json\/wp\/v2\/media?parent=204"}],"curies":[{"name":"wp","href":"https:\/\/api.w.org\/{rel}","templated":true}]}}