{"id":214,"date":"2023-10-11T00:17:08","date_gmt":"2023-10-11T00:17:08","guid":{"rendered":"https:\/\/svtvalut.net\/?page_id=214"},"modified":"2025-12-12T10:22:12","modified_gmt":"2025-12-12T10:22:12","slug":"yksityisyys-ja-evasteet","status":"publish","type":"page","link":"https:\/\/svtvalut.net\/index.php\/yksityisyys-ja-evasteet\/","title":{"rendered":"Tietosuojaseloste"},"content":{"rendered":"\n<h2 class=\"wp-block-heading\">Mit\u00e4 teemme?<\/h2>\n\n\n\n<p>Olemme tulisijavaluja myyv\u00e4 yritys ja nettiosoitteemme on https:\/\/svtvalut.net Pyrimme myym\u00e4\u00e4n asiakkaillemme tuotteita mahdollisimman turvallisesti. Emme k\u00e4yt\u00e4 sivustoillamme maksuv\u00e4linneen\u00e4 luotto tai pankkikortteja.<\/p>\n\n\n\n<h2 class=\"wp-block-heading\">Ev\u00e4steet<\/h2>\n\n\n\n<p>Ker\u00e4\u00e4mme yhteisty\u00f6kumppaniemme, kuten Googlen ja Facebookin, kanssa sivustomme k\u00e4yt\u00f6st\u00e4 tietoa, jota hy\u00f6dynn\u00e4mme analytiikkaan ja suostumuksellasi my\u00f6s markkinoinnin kohdentamiseen. Ker\u00e4tty tieto sis\u00e4lt\u00e4\u00e4:<\/p>\n\n\n\n<ul class=\"wp-block-list\">\n<li>sivustolla k\u00e4ytetyt hakutermit<\/li>\n\n\n\n<li>klikatut linkit ja katsellut tuotteet<\/li>\n\n\n\n<li>ostoskoriin lis\u00e4tyt ja sielt\u00e4 poistetut tuotteet<\/li>\n\n\n\n<li>tehtyjen tilausten tuotetiedot.<\/li>\n\n\n\n<li>pseudonymisoituja tunnistetietoja, kuten tilausnumero<\/li>\n<\/ul>\n\n\n\n<p>N\u00e4m\u00e4 tiedot auttavat meit\u00e4 kehitt\u00e4m\u00e4\u00e4n palveluamme sek\u00e4 tarjoamaan sinulle kiinnostavampia tuotteita ja parempia tarjouksia.<\/p>\n\n\n\n<h2 class=\"wp-block-heading\">Media<\/h2>\n\n\n\n<p>Jos lataat\/l\u00e4het\u00e4t nettisivustolle, sinun tulee olla tietoinen ettei kuvat sis\u00e4lll\u00e4 paikantamiseen tarvittavaa tietoa  (EXIF GPS) . Nettisivustolla vierailevat voivat ladata sivustolla olevia kuvia.<\/p>\n\n\n\n<h2 class=\"wp-block-heading\">Sinulla on oikeus kaikkeen sinua koskevaan tietoon ja sen poistamiseen.<\/h2>\n\n\n\n<p>Jos olet tai olet ollut asiakkaana on sinun nimesi, osoitetietosi, s\u00e4hk\u00f6postisi ja puhelinnumerosi meill\u00e4. S\u00e4ilyt\u00e4mme tietojasi, sill\u00e4 tarvitsemme tietojasi esimerkiksi takuu tai reklamaatio asioissa. Pyrimme kuitenkin arvioimaan tilanteen tietojen s\u00e4ilytt\u00e4miseen tapauskohtaisesti.<\/p>\n\n\n\n<h2 class=\"wp-block-heading\">Mihin tietoja l\u00e4hetet\u00e4\u00e4n?<\/h2>\n\n\n\n<p>Emme v\u00e4lit\u00e4 henkil\u00f6kohtaisia tilaustietoja koskaan kolmansille osapuolille.<\/p>\n\n\n\n<p><\/p>\n","protected":false},"excerpt":{"rendered":"<p>Mit\u00e4 teemme? Olemme tulisijavaluja myyv\u00e4 yritys ja nettiosoitteemme on https:\/\/svtvalut.net Pyrimme myym\u00e4\u00e4n asiakkaillemme tuotteita mahdollisimman turvallisesti. Emme k\u00e4yt\u00e4 sivustoillamme maksuv\u00e4linneen\u00e4 luotto tai pankkikortteja. Ev\u00e4steet Ker\u00e4\u00e4mme yhteisty\u00f6kumppaniemme, kuten Googlen ja Facebookin, kanssa sivustomme k\u00e4yt\u00f6st\u00e4 tietoa, jota hy\u00f6dynn\u00e4mme analytiikkaan ja suostumuksellasi my\u00f6s markkinoinnin kohdentamiseen. Ker\u00e4tty tieto sis\u00e4lt\u00e4\u00e4: N\u00e4m\u00e4 tiedot auttavat meit\u00e4 kehitt\u00e4m\u00e4\u00e4n palveluamme sek\u00e4 tarjoamaan sinulle kiinnostavampia [&hellip;]<\/p>\n","protected":false},"author":1,"featured_media":0,"parent":0,"menu_order":0,"comment_status":"closed","ping_status":"closed","template":"","meta":{"footnotes":""},"class_list":["post-214","page","type-page","status-publish","hentry"],"_links":{"self":[{"href":"https:\/\/svtvalut.net\/index.php\/wp-json\/wp\/v2\/pages\/214","targetHints":{"allow":["GET"]}}],"collection":[{"href":"https:\/\/svtvalut.net\/index.php\/wp-json\/wp\/v2\/pages"}],"about":[{"href":"https:\/\/svtvalut.net\/index.php\/wp-json\/wp\/v2\/types\/page"}],"author":[{"embeddable":true,"href":"https:\/\/svtvalut.net\/index.php\/wp-json\/wp\/v2\/users\/1"}],"replies":[{"embeddable":true,"href":"https:\/\/svtvalut.net\/index.php\/wp-json\/wp\/v2\/comments?post=214"}],"version-history":[{"count":6,"href":"https:\/\/svtvalut.net\/index.php\/wp-json\/wp\/v2\/pages\/214\/revisions"}],"predecessor-version":[{"id":765,"href":"https:\/\/svtvalut.net\/index.php\/wp-json\/wp\/v2\/pages\/214\/revisions\/765"}],"wp:attachment":[{"href":"https:\/\/svtvalut.net\/index.php\/wp-json\/wp\/v2\/media?parent=214"}],"curies":[{"name":"wp","href":"https:\/\/api.w.org\/{rel}","templated":true}]}}