{"id":221,"date":"2023-10-11T07:22:54","date_gmt":"2023-10-11T07:22:54","guid":{"rendered":"https:\/\/svtvalut.net\/?page_id=221"},"modified":"2025-12-12T09:39:23","modified_gmt":"2025-12-12T09:39:23","slug":"muut-luukut","status":"publish","type":"page","link":"https:\/\/svtvalut.net\/index.php\/muut-luukut\/","title":{"rendered":"Muut luukut"},"content":{"rendered":"<div class=\"wp-block-image\">\n<figure class=\"aligncenter size-full\"><img loading=\"lazy\" decoding=\"async\" width=\"100\" height=\"99\" src=\"https:\/\/svtvalut.net\/wp-content\/uploads\/2025\/12\/avainlippu.jpg-e1765529497408.jpg\" alt=\"\" class=\"wp-image-744\"\/><\/figure>\n<\/div>\n\n\n<div class=\"wp-block-media-text is-stacked-on-mobile has-white-background-color has-background\" style=\"grid-template-columns:20% auto\"><figure class=\"wp-block-media-text__media\"><a href=\"https:\/\/svtvalut.net\/wp-content\/uploads\/2023\/10\/430_iso.jpg\" target=\"_blank\" rel=\"noreferrer noopener\"><img loading=\"lazy\" decoding=\"async\" width=\"280\" height=\"398\" src=\"https:\/\/svtvalut.net\/wp-content\/uploads\/2023\/10\/430_iso.jpg\" alt=\"\" class=\"wp-image-222 size-full\" srcset=\"https:\/\/svtvalut.net\/wp-content\/uploads\/2023\/10\/430_iso.jpg 280w, https:\/\/svtvalut.net\/wp-content\/uploads\/2023\/10\/430_iso-211x300.jpg 211w\" sizes=\"auto, (max-width: 280px) 100vw, 280px\" \/><\/a><\/figure><div class=\"wp-block-media-text__content\">\n<p class=\"has-text-align-center\">430<\/p>\n\n\n\n<p class=\"has-text-align-center\">TULIPES\u00c4NLUUKKU UMPI<\/p>\n\n\n\n<p class=\"has-text-align-center\">Sis\u00e4mitta 345\u00d7180 mm<br>Ulkomitta 385\u00d7230 mm<\/p>\n\n\n\n<p class=\"has-text-align-center\">Paino 9 kg<\/p>\n<\/div><\/div>\n\n\n\n<p class=\"has-cyan-bluish-gray-background-color has-background\" style=\"font-size:1px\"><\/p>\n\n\n\n<div class=\"wp-block-media-text is-stacked-on-mobile has-white-background-color has-background\" style=\"grid-template-columns:20% auto\"><figure class=\"wp-block-media-text__media\"><a href=\"https:\/\/svtvalut.net\/wp-content\/uploads\/2023\/10\/431_iso.jpg\" target=\"_blank\" rel=\"noreferrer noopener\"><img loading=\"lazy\" decoding=\"async\" width=\"286\" height=\"398\" src=\"https:\/\/svtvalut.net\/wp-content\/uploads\/2023\/10\/431_iso.jpg\" alt=\"\" class=\"wp-image-223 size-full\" srcset=\"https:\/\/svtvalut.net\/wp-content\/uploads\/2023\/10\/431_iso.jpg 286w, https:\/\/svtvalut.net\/wp-content\/uploads\/2023\/10\/431_iso-216x300.jpg 216w\" sizes=\"auto, (max-width: 286px) 100vw, 286px\" \/><\/a><\/figure><div class=\"wp-block-media-text__content\">\n<p class=\"has-text-align-center\">431<\/p>\n\n\n\n<p class=\"has-text-align-center\">TULIPES\u00c4NLUUKKU LASILLA<\/p>\n\n\n\n<p class=\"has-text-align-center\">Sis\u00e4mitta 345\u00d7180mm<br>Ulkomitta 385\u00d7230 mm<\/p>\n\n\n\n<p class=\"has-text-align-center\">Paino 11 kg<\/p>\n<\/div><\/div>\n\n\n\n<p class=\"has-cyan-bluish-gray-background-color has-background\" style=\"font-size:1px\"><\/p>\n\n\n\n<div class=\"wp-block-media-text is-stacked-on-mobile has-white-background-color has-background\" style=\"grid-template-columns:20% auto\"><figure class=\"wp-block-media-text__media\"><a href=\"https:\/\/svtvalut.net\/wp-content\/uploads\/2023\/10\/432_iso.jpg\" target=\"_blank\" rel=\"noreferrer noopener\"><img loading=\"lazy\" decoding=\"async\" width=\"398\" height=\"242\" src=\"https:\/\/svtvalut.net\/wp-content\/uploads\/2023\/10\/432_iso.jpg\" alt=\"\" class=\"wp-image-224 size-full\" srcset=\"https:\/\/svtvalut.net\/wp-content\/uploads\/2023\/10\/432_iso.jpg 398w, https:\/\/svtvalut.net\/wp-content\/uploads\/2023\/10\/432_iso-300x182.jpg 300w\" sizes=\"auto, (max-width: 398px) 100vw, 398px\" \/><\/a><\/figure><div class=\"wp-block-media-text__content\">\n<p class=\"has-text-align-center\">432<\/p>\n\n\n\n<p class=\"has-text-align-center\">TUHKALUUKKU SARANOITU<\/p>\n\n\n\n<p class=\"has-text-align-center\">Sis\u00e4mitta 130\u00d7270 mm<br>Ulkomitta 180\u00d7320 mm<\/p>\n\n\n\n<p class=\"has-text-align-center\">Paino 6 kg<\/p>\n<\/div><\/div>\n\n\n\n<p class=\"has-cyan-bluish-gray-background-color has-background\" style=\"font-size:1px\"><\/p>\n\n\n\n<div class=\"wp-block-media-text is-stacked-on-mobile has-white-background-color has-background\" style=\"grid-template-columns:20% auto\"><figure class=\"wp-block-media-text__media\"><a href=\"https:\/\/svtvalut.net\/wp-content\/uploads\/2023\/10\/433_iso.jpg\" target=\"_blank\" rel=\"noreferrer noopener\"><img loading=\"lazy\" decoding=\"async\" width=\"398\" height=\"249\" src=\"https:\/\/svtvalut.net\/wp-content\/uploads\/2023\/10\/433_iso.jpg\" alt=\"\" class=\"wp-image-225 size-full\" srcset=\"https:\/\/svtvalut.net\/wp-content\/uploads\/2023\/10\/433_iso.jpg 398w, https:\/\/svtvalut.net\/wp-content\/uploads\/2023\/10\/433_iso-300x188.jpg 300w\" sizes=\"auto, (max-width: 398px) 100vw, 398px\" \/><\/a><\/figure><div class=\"wp-block-media-text__content\">\n<p class=\"has-text-align-center\">433<\/p>\n\n\n\n<p class=\"has-text-align-center\">TUHKALUUKKU KAASUTIIVIS<\/p>\n\n\n\n<p class=\"has-text-align-center\">Sis\u00e4mitta 130\u00d7270 mm<br>Ulkomitta 180\u00d7320 mm<\/p>\n\n\n\n<p class=\"has-text-align-center\">Paino 8 kg<\/p>\n<\/div><\/div>\n\n\n\n<p class=\"has-cyan-bluish-gray-background-color has-background\" style=\"font-size:1px\"><\/p>\n\n\n\n<div class=\"wp-block-media-text is-stacked-on-mobile has-white-background-color has-background\" style=\"grid-template-columns:20% auto\"><figure class=\"wp-block-media-text__media\"><a href=\"https:\/\/svtvalut.net\/wp-content\/uploads\/2023\/10\/434_iso.jpg\" target=\"_blank\" rel=\"noreferrer noopener\"><img loading=\"lazy\" decoding=\"async\" width=\"391\" height=\"339\" src=\"https:\/\/svtvalut.net\/wp-content\/uploads\/2023\/10\/434_iso.jpg\" alt=\"\" class=\"wp-image-228 size-full\" srcset=\"https:\/\/svtvalut.net\/wp-content\/uploads\/2023\/10\/434_iso.jpg 391w, https:\/\/svtvalut.net\/wp-content\/uploads\/2023\/10\/434_iso-300x260.jpg 300w\" sizes=\"auto, (max-width: 391px) 100vw, 391px\" \/><\/a><\/figure><div class=\"wp-block-media-text__content\">\n<p class=\"has-text-align-center\">434<\/p>\n\n\n\n<p class=\"has-text-align-center\">NOKILUUKKU KIINTE\u00c4NUPPINEN<\/p>\n\n\n\n<p class=\"has-text-align-center\">Sis\u00e4mitta 130\u00d7130 mm<br>Ulkomitta 170\u00d7170 mm<\/p>\n\n\n\n<p class=\"has-text-align-center\">Paino 3 kg<\/p>\n<\/div><\/div>\n\n\n\n<p class=\"has-cyan-bluish-gray-background-color has-background\" style=\"font-size:1px\"><\/p>\n\n\n\n<div class=\"wp-block-media-text is-stacked-on-mobile has-white-background-color has-background\" style=\"grid-template-columns:20% auto\"><figure class=\"wp-block-media-text__media\"><a href=\"https:\/\/svtvalut.net\/wp-content\/uploads\/2023\/10\/435_iso.jpg\" target=\"_blank\" rel=\"noreferrer noopener\"><img loading=\"lazy\" decoding=\"async\" width=\"393\" height=\"350\" src=\"https:\/\/svtvalut.net\/wp-content\/uploads\/2023\/10\/435_iso.jpg\" alt=\"\" class=\"wp-image-227 size-full\" srcset=\"https:\/\/svtvalut.net\/wp-content\/uploads\/2023\/10\/435_iso.jpg 393w, https:\/\/svtvalut.net\/wp-content\/uploads\/2023\/10\/435_iso-300x267.jpg 300w\" sizes=\"auto, (max-width: 393px) 100vw, 393px\" \/><\/a><\/figure><div class=\"wp-block-media-text__content\">\n<p class=\"has-text-align-center\">435<\/p>\n\n\n\n<p class=\"has-text-align-center\">NOKILUUKKU IRTONUPILLA<\/p>\n\n\n\n<p class=\"has-text-align-center\">Sis\u00e4mitta 130\u00d7130 mm<br>Ulkomitta 170\u00d7170 mm<\/p>\n\n\n\n<p class=\"has-text-align-center\">Paino 3 kg<\/p>\n<\/div><\/div>\n\n\n\n<p class=\"has-cyan-bluish-gray-background-color has-background\" style=\"font-size:1px\"><\/p>\n\n\n\n<div class=\"wp-block-media-text is-stacked-on-mobile has-white-background-color has-background\" style=\"grid-template-columns:20% auto\"><figure class=\"wp-block-media-text__media\"><a href=\"https:\/\/svtvalut.net\/wp-content\/uploads\/2023\/10\/437_iso.jpg\" target=\"_blank\" rel=\"noreferrer noopener\"><img loading=\"lazy\" decoding=\"async\" width=\"346\" height=\"238\" src=\"https:\/\/svtvalut.net\/wp-content\/uploads\/2023\/10\/437_iso.jpg\" alt=\"\" class=\"wp-image-229 size-full\" srcset=\"https:\/\/svtvalut.net\/wp-content\/uploads\/2023\/10\/437_iso.jpg 346w, https:\/\/svtvalut.net\/wp-content\/uploads\/2023\/10\/437_iso-300x206.jpg 300w\" sizes=\"auto, (max-width: 346px) 100vw, 346px\" \/><\/a><\/figure><div class=\"wp-block-media-text__content\">\n<p class=\"has-text-align-center\">437<\/p>\n\n\n\n<p class=\"has-text-align-center\">NOKILUUKKU KIINTE\u00c4NUPPINEN<\/p>\n\n\n\n<p class=\"has-text-align-center\">Sis\u00e4mitta 65\u00d7130 mm<br>Ulkomitta 105\u00d7170 mm<\/p>\n\n\n\n<p class=\"has-text-align-center\">Paino 1.5 kg<\/p>\n<\/div><\/div>\n\n\n\n<p class=\"has-cyan-bluish-gray-background-color has-background\" style=\"font-size:1px\"><\/p>\n\n\n\n<div class=\"wp-block-media-text is-stacked-on-mobile has-white-background-color has-background\" style=\"grid-template-columns:22% auto\"><figure class=\"wp-block-media-text__media\"><a href=\"https:\/\/svtvalut.net\/wp-content\/uploads\/2023\/10\/439_iso.jpg\" target=\"_blank\" rel=\"noreferrer noopener\"><img loading=\"lazy\" decoding=\"async\" width=\"398\" height=\"177\" src=\"https:\/\/svtvalut.net\/wp-content\/uploads\/2023\/10\/439_iso.jpg\" alt=\"\" class=\"wp-image-230 size-full\" srcset=\"https:\/\/svtvalut.net\/wp-content\/uploads\/2023\/10\/439_iso.jpg 398w, https:\/\/svtvalut.net\/wp-content\/uploads\/2023\/10\/439_iso-300x133.jpg 300w\" sizes=\"auto, (max-width: 398px) 100vw, 398px\" \/><\/a><\/figure><div class=\"wp-block-media-text__content\">\n<p class=\"has-text-align-center\">439<\/p>\n\n\n\n<p class=\"has-text-align-center\">HIILIAUKONLUUKKU SARANOITU<\/p>\n\n\n\n<p class=\"has-text-align-center\">Sis\u00e4mitta 80\u00d7270 mm<br>Ulkomitta 110\u00d7295 mm<\/p>\n\n\n\n<p class=\"has-text-align-center\">Paino 3 kg<\/p>\n<\/div><\/div>\n\n\n\n<p class=\"has-cyan-bluish-gray-background-color has-background\" style=\"font-size:1px\"><\/p>\n\n\n\n<div class=\"wp-block-media-text is-stacked-on-mobile has-white-background-color has-background\" style=\"grid-template-columns:23% auto\"><figure class=\"wp-block-media-text__media\"><a href=\"https:\/\/svtvalut.net\/wp-content\/uploads\/2023\/10\/440_iso.jpg\" target=\"_blank\" rel=\"noreferrer noopener\"><img loading=\"lazy\" decoding=\"async\" width=\"398\" height=\"149\" src=\"https:\/\/svtvalut.net\/wp-content\/uploads\/2023\/10\/440_iso.jpg\" alt=\"\" class=\"wp-image-231 size-full\" srcset=\"https:\/\/svtvalut.net\/wp-content\/uploads\/2023\/10\/440_iso.jpg 398w, https:\/\/svtvalut.net\/wp-content\/uploads\/2023\/10\/440_iso-300x112.jpg 300w\" sizes=\"auto, (max-width: 398px) 100vw, 398px\" \/><\/a><\/figure><div class=\"wp-block-media-text__content\">\n<p class=\"has-text-align-center\">440<\/p>\n\n\n\n<p class=\"has-text-align-center\">HIILIAUKONLUUKKU SARANOITU<\/p>\n\n\n\n<p class=\"has-text-align-center\">Sis\u00e4mitta 80\u00d7410 mm<br>Ulkomitta 110\u00d7440 mm<\/p>\n\n\n\n<p class=\"has-text-align-center\">Paino 4 kg<\/p>\n<\/div><\/div>\n\n\n\n<p class=\"has-cyan-bluish-gray-background-color has-background\" style=\"font-size:1px\"><\/p>\n\n\n\n<div class=\"wp-block-media-text is-stacked-on-mobile has-white-background-color has-background\" style=\"grid-template-columns:24% auto\"><figure class=\"wp-block-media-text__media\"><a href=\"https:\/\/svtvalut.net\/wp-content\/uploads\/2023\/10\/446_iso.jpg\" target=\"_blank\" rel=\"noreferrer noopener\"><img loading=\"lazy\" decoding=\"async\" width=\"398\" height=\"310\" src=\"https:\/\/svtvalut.net\/wp-content\/uploads\/2023\/10\/446_iso.jpg\" alt=\"\" class=\"wp-image-241 size-full\" srcset=\"https:\/\/svtvalut.net\/wp-content\/uploads\/2023\/10\/446_iso.jpg 398w, https:\/\/svtvalut.net\/wp-content\/uploads\/2023\/10\/446_iso-300x234.jpg 300w\" sizes=\"auto, (max-width: 398px) 100vw, 398px\" \/><\/a><\/figure><div class=\"wp-block-media-text__content\">\n<p class=\"has-text-align-center\">446<\/p>\n\n\n\n<p class=\"has-text-align-center\">PAISTOUUNI UMPILUUKULLA<\/p>\n\n\n\n<p class=\"has-text-align-center\">Sis\u00e4mitta 245\u00d7295&#215;415 mm<br>Ulkomitta 285x342x475 mm<\/p>\n\n\n\n<p class=\"has-text-align-center\">Paino 20 kg<\/p>\n<\/div><\/div>\n\n\n\n<p class=\"has-cyan-bluish-gray-background-color has-background\" style=\"font-size:1px\"><\/p>\n\n\n\n<div class=\"wp-block-media-text is-stacked-on-mobile has-white-background-color has-background\" style=\"grid-template-columns:24% auto\"><figure class=\"wp-block-media-text__media\"><a href=\"https:\/\/svtvalut.net\/wp-content\/uploads\/2023\/10\/447_iso.jpg\" target=\"_blank\" rel=\"noreferrer noopener\"><img loading=\"lazy\" decoding=\"async\" width=\"398\" height=\"296\" src=\"https:\/\/svtvalut.net\/wp-content\/uploads\/2023\/10\/447_iso.jpg\" alt=\"\" class=\"wp-image-240 size-full\" srcset=\"https:\/\/svtvalut.net\/wp-content\/uploads\/2023\/10\/447_iso.jpg 398w, https:\/\/svtvalut.net\/wp-content\/uploads\/2023\/10\/447_iso-300x223.jpg 300w\" sizes=\"auto, (max-width: 398px) 100vw, 398px\" \/><\/a><\/figure><div class=\"wp-block-media-text__content\">\n<p class=\"has-text-align-center\">447<\/p>\n\n\n\n<p class=\"has-text-align-center\">PAISTOUUNI LASILUUKULLA<\/p>\n\n\n\n<p class=\"has-text-align-center\">Sis\u00e4mitta 245\u00d7295&#215;415 mm<br>Ulkomitta 285x342x475 mm<\/p>\n\n\n\n<p class=\"has-text-align-center\">Paino 19 kg<\/p>\n<\/div><\/div>\n\n\n\n<p class=\"has-cyan-bluish-gray-background-color has-background\" style=\"font-size:1px\"><\/p>\n\n\n\n<div class=\"wp-block-media-text is-stacked-on-mobile has-white-background-color has-background\" style=\"grid-template-columns:20% auto\"><figure class=\"wp-block-media-text__media\"><a href=\"https:\/\/svtvalut.net\/wp-content\/uploads\/2023\/10\/449_iso.jpg\" target=\"_blank\" rel=\"noreferrer noopener\"><img loading=\"lazy\" decoding=\"async\" width=\"392\" height=\"294\" src=\"https:\/\/svtvalut.net\/wp-content\/uploads\/2023\/10\/449_iso.jpg\" alt=\"\" class=\"wp-image-239 size-full\" srcset=\"https:\/\/svtvalut.net\/wp-content\/uploads\/2023\/10\/449_iso.jpg 392w, https:\/\/svtvalut.net\/wp-content\/uploads\/2023\/10\/449_iso-300x225.jpg 300w\" sizes=\"auto, (max-width: 392px) 100vw, 392px\" \/><\/a><\/figure><div class=\"wp-block-media-text__content\">\n<p class=\"has-text-align-center\">449<\/p>\n\n\n\n<p class=\"has-text-align-center\">PAISTOUUNINLUUKKU VEDONS\u00c4\u00c4D\u00d6LL\u00c4<\/p>\n\n\n\n<p class=\"has-text-align-center\">Sis\u00e4mitta 240\u00d7280 mm<br>Ulkomitta 285\u00d7342 mm<\/p>\n\n\n\n<p class=\"has-text-align-center\">Paino 7 kg<\/p>\n<\/div><\/div>\n\n\n\n<p class=\"has-cyan-bluish-gray-background-color has-background\" style=\"font-size:1px\"><\/p>\n\n\n\n<div class=\"wp-block-media-text is-stacked-on-mobile has-white-background-color has-background\" style=\"grid-template-columns:20% auto\"><figure class=\"wp-block-media-text__media\"><a href=\"https:\/\/svtvalut.net\/wp-content\/uploads\/2023\/10\/450_iso.jpg\" target=\"_blank\" rel=\"noreferrer noopener\"><img loading=\"lazy\" decoding=\"async\" width=\"392\" height=\"294\" src=\"https:\/\/svtvalut.net\/wp-content\/uploads\/2023\/10\/450_iso.jpg\" alt=\"\" class=\"wp-image-238 size-full\" srcset=\"https:\/\/svtvalut.net\/wp-content\/uploads\/2023\/10\/450_iso.jpg 392w, https:\/\/svtvalut.net\/wp-content\/uploads\/2023\/10\/450_iso-300x225.jpg 300w\" sizes=\"auto, (max-width: 392px) 100vw, 392px\" \/><\/a><\/figure><div class=\"wp-block-media-text__content\">\n<p class=\"has-text-align-center\">450<\/p>\n\n\n\n<p class=\"has-text-align-center\">PAISTOUUNIN UMPILUUKKU<\/p>\n\n\n\n<p class=\"has-text-align-center\">Sis\u00e4mitta 240\u00d7280 mm<br>Ulkomitta 285\u00d7342 mm<\/p>\n\n\n\n<p class=\"has-text-align-center\">Paino 7 kg<\/p>\n<\/div><\/div>\n\n\n\n<p class=\"has-cyan-bluish-gray-background-color has-background\" style=\"font-size:1px\"><\/p>\n\n\n\n<div class=\"wp-block-media-text is-stacked-on-mobile has-white-background-color has-background\" style=\"grid-template-columns:20% auto\"><figure class=\"wp-block-media-text__media\"><a href=\"https:\/\/svtvalut.net\/wp-content\/uploads\/2023\/10\/451_iso.jpg\" target=\"_blank\" rel=\"noreferrer noopener\"><img loading=\"lazy\" decoding=\"async\" width=\"392\" height=\"294\" src=\"https:\/\/svtvalut.net\/wp-content\/uploads\/2023\/10\/451_iso.jpg\" alt=\"\" class=\"wp-image-237 size-full\" srcset=\"https:\/\/svtvalut.net\/wp-content\/uploads\/2023\/10\/451_iso.jpg 392w, https:\/\/svtvalut.net\/wp-content\/uploads\/2023\/10\/451_iso-300x225.jpg 300w\" sizes=\"auto, (max-width: 392px) 100vw, 392px\" \/><\/a><\/figure><div class=\"wp-block-media-text__content\">\n<p class=\"has-text-align-center\">451<\/p>\n\n\n\n<p class=\"has-text-align-center\">PAISTOUUNIN LASILUUKKU<\/p>\n\n\n\n<p class=\"has-text-align-center\">Sis\u00e4mitta 240\u00d7280 mm<br>Ulkomitta 285\u00d7342 mm<\/p>\n\n\n\n<p class=\"has-text-align-center\">Paino 7 kg<\/p>\n<\/div><\/div>\n\n\n\n<p class=\"has-cyan-bluish-gray-background-color has-background\" style=\"font-size:1px\"><\/p>\n\n\n\n<div class=\"wp-block-media-text is-stacked-on-mobile has-white-background-color has-background\" style=\"grid-template-columns:21% auto\"><figure class=\"wp-block-media-text__media\"><a href=\"https:\/\/svtvalut.net\/wp-content\/uploads\/2023\/10\/470_iso.jpg\" target=\"_blank\" rel=\"noreferrer noopener\"><img loading=\"lazy\" decoding=\"async\" width=\"398\" height=\"334\" src=\"https:\/\/svtvalut.net\/wp-content\/uploads\/2023\/10\/470_iso.jpg\" alt=\"\" class=\"wp-image-236 size-full\" srcset=\"https:\/\/svtvalut.net\/wp-content\/uploads\/2023\/10\/470_iso.jpg 398w, https:\/\/svtvalut.net\/wp-content\/uploads\/2023\/10\/470_iso-300x252.jpg 300w\" sizes=\"auto, (max-width: 398px) 100vw, 398px\" \/><\/a><\/figure><div class=\"wp-block-media-text__content\">\n<p class=\"has-text-align-center\">470<\/p>\n\n\n\n<p class=\"has-text-align-center\">TULISIJAN LASILUUKKU, KAASUTIIVIS<\/p>\n\n\n\n<p class=\"has-text-align-center\">Sis\u00e4mitta 180\u00d7220 mm<br>Ulkomitta 240\u00d7280 mm<\/p>\n\n\n\n<p class=\"has-text-align-center\">Paino 9 kg<\/p>\n<\/div><\/div>\n\n\n\n<p class=\"has-cyan-bluish-gray-background-color has-background\" style=\"font-size:1px\"><\/p>\n\n\n\n<div class=\"wp-block-media-text is-stacked-on-mobile has-white-background-color has-background\" style=\"grid-template-columns:19% auto\"><figure class=\"wp-block-media-text__media\"><a href=\"https:\/\/svtvalut.net\/wp-content\/uploads\/2023\/10\/531_iso.jpg\" target=\"_blank\" rel=\"noreferrer noopener\"><img loading=\"lazy\" decoding=\"async\" width=\"237\" height=\"398\" src=\"https:\/\/svtvalut.net\/wp-content\/uploads\/2023\/10\/531_iso.jpg\" alt=\"\" class=\"wp-image-232 size-full\" srcset=\"https:\/\/svtvalut.net\/wp-content\/uploads\/2023\/10\/531_iso.jpg 237w, https:\/\/svtvalut.net\/wp-content\/uploads\/2023\/10\/531_iso-179x300.jpg 179w\" sizes=\"auto, (max-width: 237px) 100vw, 237px\" \/><\/a><\/figure><div class=\"wp-block-media-text__content\">\n<p class=\"has-text-align-center\">531<\/p>\n\n\n\n<p class=\"has-text-align-center\">TULIPES\u00c4NLUUKKU LASILLA<br>KAASUTIIVIS, 370&#215;185<\/p>\n\n\n\n<p class=\"has-text-align-center\">Sis\u00e4mitta 370\u00d7185 mm<br>Ulkomitta 420\u00d7243 mm<\/p>\n\n\n\n<p class=\"has-text-align-center\">Paino 10 kg<\/p>\n<\/div><\/div>\n\n\n\n<p class=\"has-cyan-bluish-gray-background-color has-background\" style=\"font-size:1px\"><\/p>\n\n\n\n<div class=\"wp-block-media-text is-stacked-on-mobile has-white-background-color has-background\" style=\"grid-template-columns:20% auto\"><figure class=\"wp-block-media-text__media\"><a href=\"https:\/\/svtvalut.net\/wp-content\/uploads\/2023\/10\/533_iso.jpg\" target=\"_blank\" rel=\"noreferrer noopener\"><img loading=\"lazy\" decoding=\"async\" width=\"398\" height=\"240\" src=\"https:\/\/svtvalut.net\/wp-content\/uploads\/2023\/10\/533_iso.jpg\" alt=\"\" class=\"wp-image-233 size-full\" srcset=\"https:\/\/svtvalut.net\/wp-content\/uploads\/2023\/10\/533_iso.jpg 398w, https:\/\/svtvalut.net\/wp-content\/uploads\/2023\/10\/533_iso-300x181.jpg 300w\" sizes=\"auto, (max-width: 398px) 100vw, 398px\" \/><\/a><\/figure><div class=\"wp-block-media-text__content\">\n<p class=\"has-text-align-center\">533<\/p>\n\n\n\n<p class=\"has-text-align-center\">TUHKALUUKKU 130&#215;270 mm<\/p>\n\n\n\n<p class=\"has-text-align-center\">Sis\u00e4mitta 135\u00d7275 mm<br>Ulkomitta 180\u00d7320 mm<\/p>\n\n\n\n<p class=\"has-text-align-center\">Paino 6 kg<\/p>\n<\/div><\/div>\n\n\n\n<p class=\"has-cyan-bluish-gray-background-color has-background\" style=\"font-size:1px\"><\/p>\n\n\n\n<div class=\"wp-block-media-text is-stacked-on-mobile has-white-background-color has-background\" style=\"grid-template-columns:20% auto\"><figure class=\"wp-block-media-text__media\"><a href=\"https:\/\/svtvalut.net\/wp-content\/uploads\/2023\/10\/534_iso.jpg\" target=\"_blank\" rel=\"noreferrer noopener\"><img loading=\"lazy\" decoding=\"async\" width=\"391\" height=\"392\" src=\"https:\/\/svtvalut.net\/wp-content\/uploads\/2023\/10\/534_iso.jpg\" alt=\"\" class=\"wp-image-234 size-full\" srcset=\"https:\/\/svtvalut.net\/wp-content\/uploads\/2023\/10\/534_iso.jpg 391w, https:\/\/svtvalut.net\/wp-content\/uploads\/2023\/10\/534_iso-300x300.jpg 300w, https:\/\/svtvalut.net\/wp-content\/uploads\/2023\/10\/534_iso-150x150.jpg 150w\" sizes=\"auto, (max-width: 391px) 100vw, 391px\" \/><\/a><\/figure><div class=\"wp-block-media-text__content\">\n<p class=\"has-text-align-center\">534<\/p>\n\n\n\n<p class=\"has-text-align-center\">NOKILUUKKU 130&#215;130<\/p>\n\n\n\n<p class=\"has-text-align-center\">Sis\u00e4mitta 135\u00d7135 mm<br>Ulkomitta 170\u00d7170 m<\/p>\n\n\n\n<p class=\"has-text-align-center\">Paino 2.6 kg<\/p>\n<\/div><\/div>\n\n\n\n<p class=\"has-cyan-bluish-gray-background-color has-background\" style=\"font-size:1px\"><\/p>\n\n\n\n<div class=\"wp-block-media-text is-stacked-on-mobile has-white-background-color has-background\" style=\"grid-template-columns:25% auto\"><figure class=\"wp-block-media-text__media\"><a href=\"https:\/\/svtvalut.net\/wp-content\/uploads\/2023\/10\/547_iso.jpg\" target=\"_blank\" rel=\"noreferrer noopener\"><img loading=\"lazy\" decoding=\"async\" width=\"398\" height=\"358\" src=\"https:\/\/svtvalut.net\/wp-content\/uploads\/2023\/10\/547_iso.jpg\" alt=\"\" class=\"wp-image-235 size-full\" srcset=\"https:\/\/svtvalut.net\/wp-content\/uploads\/2023\/10\/547_iso.jpg 398w, https:\/\/svtvalut.net\/wp-content\/uploads\/2023\/10\/547_iso-300x270.jpg 300w\" sizes=\"auto, (max-width: 398px) 100vw, 398px\" \/><\/a><\/figure><div class=\"wp-block-media-text__content\">\n<p class=\"has-text-align-center\">547<\/p>\n\n\n\n<p class=\"has-text-align-center\">PAISTOUUNI MITTARILLA<br>380x360x485 mm<\/p>\n\n\n\n<p class=\"has-text-align-center\">Sis\u00e4mitta 380\u00d7360&#215;485 mm<br>Ulkomitta 420\u00d7400&#215;520 mm<\/p>\n\n\n\n<p class=\"has-text-align-center\">Paino  38 kg<\/p>\n<\/div><\/div>\n\n\n\n<p class=\"has-cyan-bluish-gray-background-color has-background\" style=\"font-size:1px\"><\/p>\n","protected":false},"excerpt":{"rendered":"<p>430 TULIPES\u00c4NLUUKKU UMPI Sis\u00e4mitta 345\u00d7180 mmUlkomitta 385\u00d7230 mm Paino 9 kg 431 TULIPES\u00c4NLUUKKU LASILLA Sis\u00e4mitta 345\u00d7180mmUlkomitta 385\u00d7230 mm Paino 11 kg 432 TUHKALUUKKU SARANOITU Sis\u00e4mitta 130\u00d7270 mmUlkomitta 180\u00d7320 mm Paino 6 kg 433 TUHKALUUKKU KAASUTIIVIS Sis\u00e4mitta 130\u00d7270 mmUlkomitta 180\u00d7320 mm Paino 8 kg 434 NOKILUUKKU KIINTE\u00c4NUPPINEN Sis\u00e4mitta 130\u00d7130 mmUlkomitta 170\u00d7170 mm Paino 3 kg 435 [&hellip;]<\/p>\n","protected":false},"author":1,"featured_media":0,"parent":0,"menu_order":0,"comment_status":"closed","ping_status":"closed","template":"","meta":{"footnotes":""},"class_list":["post-221","page","type-page","status-publish","hentry"],"_links":{"self":[{"href":"https:\/\/svtvalut.net\/index.php\/wp-json\/wp\/v2\/pages\/221","targetHints":{"allow":["GET"]}}],"collection":[{"href":"https:\/\/svtvalut.net\/index.php\/wp-json\/wp\/v2\/pages"}],"about":[{"href":"https:\/\/svtvalut.net\/index.php\/wp-json\/wp\/v2\/types\/page"}],"author":[{"embeddable":true,"href":"https:\/\/svtvalut.net\/index.php\/wp-json\/wp\/v2\/users\/1"}],"replies":[{"embeddable":true,"href":"https:\/\/svtvalut.net\/index.php\/wp-json\/wp\/v2\/comments?post=221"}],"version-history":[{"count":7,"href":"https:\/\/svtvalut.net\/index.php\/wp-json\/wp\/v2\/pages\/221\/revisions"}],"predecessor-version":[{"id":760,"href":"https:\/\/svtvalut.net\/index.php\/wp-json\/wp\/v2\/pages\/221\/revisions\/760"}],"wp:attachment":[{"href":"https:\/\/svtvalut.net\/index.php\/wp-json\/wp\/v2\/media?parent=221"}],"curies":[{"name":"wp","href":"https:\/\/api.w.org\/{rel}","templated":true}]}}