{"id":50,"date":"2023-10-10T12:12:58","date_gmt":"2023-10-10T12:12:58","guid":{"rendered":"https:\/\/svtvalut.net\/?page_id=50"},"modified":"2023-10-10T21:06:56","modified_gmt":"2023-10-10T21:06:56","slug":"tuotteet","status":"publish","type":"page","link":"https:\/\/svtvalut.net\/index.php\/tuotteet\/","title":{"rendered":"Arinat ja savupellit"},"content":{"rendered":"\n<p class=\"has-cyan-bluish-gray-background-color has-background\" style=\"font-size:1px\"><\/p>\n\n\n\n<div class=\"wp-block-media-text is-stacked-on-mobile has-white-background-color has-background\" style=\"grid-template-columns:19% auto\" id=\"https:\/\/svtvalut.net\/wp-content\/uploads\/2023\/10\/101.jpg\"><figure class=\"wp-block-media-text__media\"><a href=\"https:\/\/svtvalut.net\/wp-content\/uploads\/2023\/10\/101.jpg\"><img loading=\"lazy\" decoding=\"async\" width=\"380\" height=\"254\" src=\"https:\/\/svtvalut.net\/wp-content\/uploads\/2023\/10\/101-380x254.jpg\" alt=\"\" class=\"wp-image-51 size-shuttle-column3-2\/3\" srcset=\"https:\/\/svtvalut.net\/wp-content\/uploads\/2023\/10\/101-380x254.jpg 380w, https:\/\/svtvalut.net\/wp-content\/uploads\/2023\/10\/101-570x380.jpg 570w, https:\/\/svtvalut.net\/wp-content\/uploads\/2023\/10\/101-285x190.jpg 285w\" sizes=\"auto, (max-width: 380px) 100vw, 380px\" \/><\/a><\/figure><div class=\"wp-block-media-text__content\">\n<p class=\"has-text-align-center\"><strong>101<\/strong><\/p>\n\n\n\n<p class=\"has-text-align-center\">ARINA 1 <\/p>\n\n\n\n<p class=\"has-text-align-center has-white-background-color has-background\">Sis\u00e4mitta 195\u00d7360 mm<br>Ulkomitta 260\u00d7415 mm<\/p>\n<\/div><\/div>\n\n\n\n<p class=\"has-cyan-bluish-gray-background-color has-background\" style=\"font-size:1px\"><\/p>\n\n\n\n<div class=\"wp-block-media-text is-stacked-on-mobile has-white-background-color has-background\" style=\"grid-template-columns:19% auto\"><figure class=\"wp-block-media-text__media\"><a href=\"https:\/\/svtvalut.net\/wp-content\/uploads\/2023\/10\/102.jpg\"><img loading=\"lazy\" decoding=\"async\" width=\"380\" height=\"254\" src=\"https:\/\/svtvalut.net\/wp-content\/uploads\/2023\/10\/102-380x254.jpg\" alt=\"\" class=\"wp-image-62 size-shuttle-column3-2\/3\" srcset=\"https:\/\/svtvalut.net\/wp-content\/uploads\/2023\/10\/102-380x254.jpg 380w, https:\/\/svtvalut.net\/wp-content\/uploads\/2023\/10\/102-570x380.jpg 570w, https:\/\/svtvalut.net\/wp-content\/uploads\/2023\/10\/102-285x190.jpg 285w\" sizes=\"auto, (max-width: 380px) 100vw, 380px\" \/><\/a><\/figure><div class=\"wp-block-media-text__content\">\n<p class=\"has-text-align-center\"><strong>102<\/strong><\/p>\n\n\n\n<p class=\"has-text-align-center\">ARINA 1B<\/p>\n\n\n\n<p class=\"has-text-align-center\">Sis\u00e4mitta 135\u00d7240 mm<br>Ulkomitta 135\u00d7290 mm<\/p>\n<\/div><\/div>\n\n\n\n<p class=\"has-cyan-bluish-gray-background-color has-background\" style=\"font-size:1px\"><\/p>\n\n\n\n<div class=\"wp-block-media-text is-stacked-on-mobile has-white-background-color has-background\" style=\"grid-template-columns:20% auto\"><figure class=\"wp-block-media-text__media\"><img loading=\"lazy\" decoding=\"async\" width=\"600\" height=\"335\" src=\"https:\/\/svtvalut.net\/wp-content\/uploads\/2023\/10\/103-1.jpg\" alt=\"\" class=\"wp-image-73 size-full\" srcset=\"https:\/\/svtvalut.net\/wp-content\/uploads\/2023\/10\/103-1.jpg 600w, https:\/\/svtvalut.net\/wp-content\/uploads\/2023\/10\/103-1-300x168.jpg 300w\" sizes=\"auto, (max-width: 600px) 100vw, 600px\" \/><\/figure><div class=\"wp-block-media-text__content\">\n<p class=\"has-text-align-center\">103<\/p>\n\n\n\n<p class=\"has-text-align-center\">ARINA 2<\/p>\n\n\n\n<p class=\"has-text-align-center\">Sis\u00e4mitta 110\u00d7365 mm<br>Ulkomitta 110\u00d7400 mm<\/p>\n<\/div><\/div>\n\n\n\n<p class=\"has-cyan-bluish-gray-background-color has-background\" style=\"font-size:1px\"><\/p>\n\n\n\n<div class=\"wp-block-columns is-layout-flex wp-container-core-columns-is-layout-28f84493 wp-block-columns-is-layout-flex\">\n<div class=\"wp-block-column is-layout-flow wp-block-column-is-layout-flow\" style=\"flex-basis:100%\">\n<div class=\"wp-block-media-text is-stacked-on-mobile has-white-background-color has-background\" style=\"grid-template-columns:21% auto\"><figure class=\"wp-block-media-text__media\"><img loading=\"lazy\" decoding=\"async\" width=\"600\" height=\"304\" src=\"https:\/\/svtvalut.net\/wp-content\/uploads\/2023\/10\/104.jpg\" alt=\"\" class=\"wp-image-74 size-full\" srcset=\"https:\/\/svtvalut.net\/wp-content\/uploads\/2023\/10\/104.jpg 600w, https:\/\/svtvalut.net\/wp-content\/uploads\/2023\/10\/104-300x152.jpg 300w\" sizes=\"auto, (max-width: 600px) 100vw, 600px\" \/><\/figure><div class=\"wp-block-media-text__content\">\n<p class=\"has-text-align-center\">104<\/p>\n\n\n\n<p class=\"has-text-align-center\">ARINA 2K<\/p>\n\n\n\n<p class=\"has-text-align-center\">Sis\u00e4mitta 135\u00d7425 mm<br>Ulkomitta 175\u00d7425 mm<\/p>\n<\/div><\/div>\n<\/div>\n<\/div>\n\n\n\n<p class=\"has-cyan-bluish-gray-background-color has-background\" style=\"font-size:1px\"><\/p>\n\n\n\n<div class=\"wp-block-media-text is-stacked-on-mobile has-white-background-color has-background\" style=\"grid-template-columns:20% auto\"><figure class=\"wp-block-media-text__media\"><img loading=\"lazy\" decoding=\"async\" width=\"600\" height=\"359\" src=\"https:\/\/svtvalut.net\/wp-content\/uploads\/2023\/10\/105.jpg\" alt=\"\" class=\"wp-image-75 size-full\" srcset=\"https:\/\/svtvalut.net\/wp-content\/uploads\/2023\/10\/105.jpg 600w, https:\/\/svtvalut.net\/wp-content\/uploads\/2023\/10\/105-300x180.jpg 300w\" sizes=\"auto, (max-width: 600px) 100vw, 600px\" \/><\/figure><div class=\"wp-block-media-text__content\">\n<p class=\"has-text-align-center\">105<\/p>\n\n\n\n<p class=\"has-text-align-center\">ARINA 3<\/p>\n\n\n\n<p class=\"has-text-align-center\">Sis\u00e4mitta 140\u00d7345 mm<br>Ulkomitta 140\u00d7390 mm<\/p>\n<\/div><\/div>\n\n\n\n<p class=\"has-cyan-bluish-gray-background-color has-background\" style=\"font-size:1px\"><\/p>\n\n\n\n<div class=\"wp-block-media-text is-stacked-on-mobile has-white-background-color has-background\" style=\"grid-template-columns:20% auto\"><figure class=\"wp-block-media-text__media\"><img loading=\"lazy\" decoding=\"async\" width=\"600\" height=\"348\" src=\"https:\/\/svtvalut.net\/wp-content\/uploads\/2023\/10\/106.jpg\" alt=\"\" class=\"wp-image-76 size-full\" srcset=\"https:\/\/svtvalut.net\/wp-content\/uploads\/2023\/10\/106.jpg 600w, https:\/\/svtvalut.net\/wp-content\/uploads\/2023\/10\/106-300x174.jpg 300w\" sizes=\"auto, (max-width: 600px) 100vw, 600px\" \/><\/figure><div class=\"wp-block-media-text__content\">\n<p class=\"has-text-align-center\">106<\/p>\n\n\n\n<p class=\"has-text-align-center\">ARINA 3K<\/p>\n\n\n\n<p class=\"has-text-align-center\">Sis\u00e4mitta 165\u00d7410 mm<br>Ulkomitta 210\u00d7410 mm<\/p>\n<\/div><\/div>\n\n\n\n<p class=\"has-cyan-bluish-gray-background-color has-background\" style=\"font-size:1px\"><\/p>\n\n\n\n<div class=\"wp-block-media-text is-stacked-on-mobile has-white-background-color has-background\" style=\"grid-template-columns:20% auto\"><figure class=\"wp-block-media-text__media\"><img loading=\"lazy\" decoding=\"async\" width=\"600\" height=\"365\" src=\"https:\/\/svtvalut.net\/wp-content\/uploads\/2023\/10\/107.jpg\" alt=\"\" class=\"wp-image-77 size-full\" srcset=\"https:\/\/svtvalut.net\/wp-content\/uploads\/2023\/10\/107.jpg 600w, https:\/\/svtvalut.net\/wp-content\/uploads\/2023\/10\/107-300x183.jpg 300w\" sizes=\"auto, (max-width: 600px) 100vw, 600px\" \/><\/figure><div class=\"wp-block-media-text__content\">\n<p class=\"has-text-align-center\">107<\/p>\n\n\n\n<p class=\"has-text-align-center\">ARINA 3B<\/p>\n\n\n\n<p class=\"has-text-align-center\">Sis\u00e4mitta 210\u00d7345 mm<br>Ulkomitta 210\u00d7405 mm<\/p>\n<\/div><\/div>\n\n\n\n<p class=\"has-cyan-bluish-gray-background-color has-background\" style=\"font-size:1px\"><\/p>\n\n\n\n<div class=\"wp-block-media-text is-stacked-on-mobile has-white-background-color has-background\" style=\"grid-template-columns:20% auto\"><figure class=\"wp-block-media-text__media\"><img loading=\"lazy\" decoding=\"async\" width=\"600\" height=\"346\" src=\"https:\/\/svtvalut.net\/wp-content\/uploads\/2023\/10\/108.jpg\" alt=\"\" class=\"wp-image-78 size-full\" srcset=\"https:\/\/svtvalut.net\/wp-content\/uploads\/2023\/10\/108.jpg 600w, https:\/\/svtvalut.net\/wp-content\/uploads\/2023\/10\/108-300x173.jpg 300w\" sizes=\"auto, (max-width: 600px) 100vw, 600px\" \/><\/figure><div class=\"wp-block-media-text__content\">\n<p class=\"has-text-align-center\">108<\/p>\n\n\n\n<p class=\"has-text-align-center\">ARINA 6L<\/p>\n\n\n\n<p class=\"has-text-align-center\">Sis\u00e4mitta 175\u00d7345 mm<br>Ulkomitta 175\u00d7410 mm<\/p>\n<\/div><\/div>\n\n\n\n<p class=\"has-cyan-bluish-gray-background-color has-background\" style=\"font-size:1px\"><\/p>\n\n\n\n<div class=\"wp-block-media-text is-stacked-on-mobile has-white-background-color has-background\" style=\"grid-template-columns:20% auto\"><figure class=\"wp-block-media-text__media\"><img loading=\"lazy\" decoding=\"async\" width=\"600\" height=\"417\" src=\"https:\/\/svtvalut.net\/wp-content\/uploads\/2023\/10\/109.jpg\" alt=\"\" class=\"wp-image-79 size-full\" srcset=\"https:\/\/svtvalut.net\/wp-content\/uploads\/2023\/10\/109.jpg 600w, https:\/\/svtvalut.net\/wp-content\/uploads\/2023\/10\/109-300x209.jpg 300w\" sizes=\"auto, (max-width: 600px) 100vw, 600px\" \/><\/figure><div class=\"wp-block-media-text__content\">\n<p class=\"has-text-align-center\">109<\/p>\n\n\n\n<p class=\"has-text-align-center\">ARINA 47<\/p>\n\n\n\n<p class=\"has-text-align-center\">Sis\u00e4mitta 220\u00d7325 mm<br>Ulkomitta 220\u00d7325 mm<\/p>\n<\/div><\/div>\n\n\n\n<p class=\"has-cyan-bluish-gray-background-color has-background\" style=\"font-size:1px\"><\/p>\n\n\n\n<div class=\"wp-block-media-text is-stacked-on-mobile has-white-background-color has-background\" style=\"grid-template-columns:20% auto\"><figure class=\"wp-block-media-text__media\"><img loading=\"lazy\" decoding=\"async\" width=\"600\" height=\"392\" src=\"https:\/\/svtvalut.net\/wp-content\/uploads\/2023\/10\/110.jpg\" alt=\"\" class=\"wp-image-80 size-full\" srcset=\"https:\/\/svtvalut.net\/wp-content\/uploads\/2023\/10\/110.jpg 600w, https:\/\/svtvalut.net\/wp-content\/uploads\/2023\/10\/110-300x196.jpg 300w\" sizes=\"auto, (max-width: 600px) 100vw, 600px\" \/><\/figure><div class=\"wp-block-media-text__content\">\n<p class=\"has-text-align-center\">110<\/p>\n\n\n\n<p class=\"has-text-align-center\">ARINA 57<\/p>\n\n\n\n<p class=\"has-text-align-center\">Sis\u00e4mitta 240\u00d7415 mm<br>Ulkomitta 240\u00d7415 mm<\/p>\n<\/div><\/div>\n\n\n\n<p class=\"has-cyan-bluish-gray-background-color has-background\" style=\"font-size:1px\"><\/p>\n\n\n\n<div class=\"wp-block-media-text is-stacked-on-mobile has-white-background-color has-background\" style=\"grid-template-columns:20% auto\"><figure class=\"wp-block-media-text__media\"><img loading=\"lazy\" decoding=\"async\" width=\"600\" height=\"435\" src=\"https:\/\/svtvalut.net\/wp-content\/uploads\/2023\/10\/111.jpg\" alt=\"\" class=\"wp-image-81 size-full\" srcset=\"https:\/\/svtvalut.net\/wp-content\/uploads\/2023\/10\/111.jpg 600w, https:\/\/svtvalut.net\/wp-content\/uploads\/2023\/10\/111-300x218.jpg 300w\" sizes=\"auto, (max-width: 600px) 100vw, 600px\" \/><\/figure><div class=\"wp-block-media-text__content\">\n<p class=\"has-text-align-center\">111<\/p>\n\n\n\n<p class=\"has-text-align-center\">ARINA 12<\/p>\n\n\n\n<p class=\"has-text-align-center\">Sis\u00e4mitta 255\u00d7260 mm<br>Ulkomitta 255\/290\u00d7260 mm<\/p>\n<\/div><\/div>\n\n\n\n<p class=\"has-cyan-bluish-gray-background-color has-background\" style=\"font-size:1px\"><\/p>\n\n\n\n<div class=\"wp-block-media-text is-stacked-on-mobile has-white-background-color has-background\" style=\"grid-template-columns:20% auto\"><figure class=\"wp-block-media-text__media\"><img loading=\"lazy\" decoding=\"async\" width=\"398\" height=\"242\" src=\"https:\/\/svtvalut.net\/wp-content\/uploads\/2023\/10\/112.jpg\" alt=\"\" class=\"wp-image-82 size-full\" srcset=\"https:\/\/svtvalut.net\/wp-content\/uploads\/2023\/10\/112.jpg 398w, https:\/\/svtvalut.net\/wp-content\/uploads\/2023\/10\/112-300x182.jpg 300w\" sizes=\"auto, (max-width: 398px) 100vw, 398px\" \/><\/figure><div class=\"wp-block-media-text__content\">\n<p class=\"has-text-align-center\">112<\/p>\n\n\n\n<p class=\"has-text-align-center\">ARINA<\/p>\n\n\n\n<p class=\"has-text-align-center\">Sis\u00e4mitta 160\u00d7320 mm<br>Ulkomitta 160\u00d7355 mm<\/p>\n<\/div><\/div>\n\n\n\n<p class=\"has-cyan-bluish-gray-background-color has-background\" style=\"font-size:1px\"><\/p>\n\n\n\n<div class=\"wp-block-media-text is-stacked-on-mobile has-white-background-color has-background\" style=\"grid-template-columns:20% auto\"><figure class=\"wp-block-media-text__media\"><img loading=\"lazy\" decoding=\"async\" width=\"768\" height=\"1024\" src=\"https:\/\/svtvalut.net\/wp-content\/uploads\/2023\/10\/113-1-768x1024.jpg\" alt=\"\" class=\"wp-image-84 size-full\" srcset=\"https:\/\/svtvalut.net\/wp-content\/uploads\/2023\/10\/113-1-768x1024.jpg 768w, https:\/\/svtvalut.net\/wp-content\/uploads\/2023\/10\/113-1-225x300.jpg 225w, https:\/\/svtvalut.net\/wp-content\/uploads\/2023\/10\/113-1-1152x1536.jpg 1152w, https:\/\/svtvalut.net\/wp-content\/uploads\/2023\/10\/113-1.jpg 1224w\" sizes=\"auto, (max-width: 768px) 100vw, 768px\" \/><\/figure><div class=\"wp-block-media-text__content\">\n<p class=\"has-text-align-center\">113<\/p>\n\n\n\n<p class=\"has-text-align-center\">ARINA<\/p>\n\n\n\n<p class=\"has-text-align-center\">Ulkomitta halkaisija 190 mm<\/p>\n<\/div><\/div>\n\n\n\n<p class=\"has-cyan-bluish-gray-background-color has-background\" style=\"font-size:1px\"><\/p>\n\n\n\n<h3 class=\"wp-block-heading has-black-color has-white-background-color has-text-color has-background\">Savupellit<\/h3>\n\n\n\n<p class=\"has-cyan-bluish-gray-background-color has-background\" style=\"font-size:1px\"><\/p>\n\n\n\n<div class=\"wp-block-media-text is-stacked-on-mobile has-white-background-color has-background\" style=\"grid-template-columns:20% auto\"><figure class=\"wp-block-media-text__media\"><img loading=\"lazy\" decoding=\"async\" width=\"600\" height=\"481\" src=\"https:\/\/svtvalut.net\/wp-content\/uploads\/2023\/10\/201.jpg\" alt=\"\" class=\"wp-image-90 size-full\" srcset=\"https:\/\/svtvalut.net\/wp-content\/uploads\/2023\/10\/201.jpg 600w, https:\/\/svtvalut.net\/wp-content\/uploads\/2023\/10\/201-300x241.jpg 300w\" sizes=\"auto, (max-width: 600px) 100vw, 600px\" \/><\/figure><div class=\"wp-block-media-text__content\">\n<p class=\"has-text-align-center\">201<\/p>\n\n\n\n<p class=\"has-text-align-center\">SAVUPELTI 40<\/p>\n\n\n\n<p class=\"has-text-align-center\">Sis\u00e4mitta 160\u00d7160 mm<br>Ulkomitta 210\u00d7210 mm<\/p>\n<\/div><\/div>\n\n\n\n<p class=\"has-cyan-bluish-gray-background-color has-background\" style=\"font-size:1px\"><\/p>\n\n\n\n<div class=\"wp-block-media-text is-stacked-on-mobile has-white-background-color has-background\" style=\"grid-template-columns:20% auto\"><figure class=\"wp-block-media-text__media\"><img loading=\"lazy\" decoding=\"async\" width=\"600\" height=\"518\" src=\"https:\/\/svtvalut.net\/wp-content\/uploads\/2023\/10\/202.jpg\" alt=\"\" class=\"wp-image-91 size-full\" srcset=\"https:\/\/svtvalut.net\/wp-content\/uploads\/2023\/10\/202.jpg 600w, https:\/\/svtvalut.net\/wp-content\/uploads\/2023\/10\/202-300x259.jpg 300w\" sizes=\"auto, (max-width: 600px) 100vw, 600px\" \/><\/figure><div class=\"wp-block-media-text__content\">\n<p class=\"has-text-align-center\">202<\/p>\n\n\n\n<p class=\"has-text-align-center\">SAVUPELTI 50S<\/p>\n\n\n\n<p class=\"has-text-align-center\">Sis\u00e4mitta 230\u00d7160 mm<br>Ulkomitta 280\u00d7210 mm<\/p>\n<\/div><\/div>\n\n\n\n<p class=\"has-cyan-bluish-gray-background-color has-background\" style=\"font-size:1px\"><\/p>\n\n\n\n<div class=\"wp-block-media-text is-stacked-on-mobile has-white-background-color has-background\" style=\"grid-template-columns:20% auto\"><figure class=\"wp-block-media-text__media\"><img loading=\"lazy\" decoding=\"async\" width=\"600\" height=\"451\" src=\"https:\/\/svtvalut.net\/wp-content\/uploads\/2023\/10\/203.jpg\" alt=\"\" class=\"wp-image-92 size-full\" srcset=\"https:\/\/svtvalut.net\/wp-content\/uploads\/2023\/10\/203.jpg 600w, https:\/\/svtvalut.net\/wp-content\/uploads\/2023\/10\/203-300x226.jpg 300w\" sizes=\"auto, (max-width: 600px) 100vw, 600px\" \/><\/figure><div class=\"wp-block-media-text__content\">\n<p class=\"has-text-align-center\">203<\/p>\n\n\n\n<p class=\"has-text-align-center\">SAVUPELTI 50P<\/p>\n\n\n\n<p class=\"has-text-align-center\">Sis\u00e4mitta 160\u00d7230 mm<br>Ulkomitta 210\u00d7280 mm<\/p>\n<\/div><\/div>\n\n\n\n<p class=\"has-cyan-bluish-gray-background-color has-background\" style=\"font-size:1px\"><\/p>\n\n\n\n<div class=\"wp-block-media-text is-stacked-on-mobile has-white-background-color has-background\" style=\"grid-template-columns:20% auto\"><figure class=\"wp-block-media-text__media\"><img loading=\"lazy\" decoding=\"async\" width=\"600\" height=\"507\" src=\"https:\/\/svtvalut.net\/wp-content\/uploads\/2023\/10\/204.jpg\" alt=\"\" class=\"wp-image-93 size-full\" srcset=\"https:\/\/svtvalut.net\/wp-content\/uploads\/2023\/10\/204.jpg 600w, https:\/\/svtvalut.net\/wp-content\/uploads\/2023\/10\/204-300x254.jpg 300w\" sizes=\"auto, (max-width: 600px) 100vw, 600px\" \/><\/figure><div class=\"wp-block-media-text__content\">\n<p class=\"has-text-align-center\">204<\/p>\n\n\n\n<p class=\"has-text-align-center\">SAVUPELTI 60S<\/p>\n\n\n\n<p class=\"has-text-align-center\">Sis\u00e4mitta 300\u00d7160 mm<br>Ulkomitta 350\u00d7210 mm<\/p>\n<\/div><\/div>\n\n\n\n<p class=\"has-cyan-bluish-gray-background-color has-background\" style=\"font-size:1px\"><\/p>\n\n\n\n<div class=\"wp-block-media-text is-stacked-on-mobile has-white-background-color has-background\" style=\"grid-template-columns:20% auto\"><figure class=\"wp-block-media-text__media\"><img loading=\"lazy\" decoding=\"async\" width=\"600\" height=\"400\" src=\"https:\/\/svtvalut.net\/wp-content\/uploads\/2023\/10\/205.jpg\" alt=\"\" class=\"wp-image-94 size-full\" srcset=\"https:\/\/svtvalut.net\/wp-content\/uploads\/2023\/10\/205.jpg 600w, https:\/\/svtvalut.net\/wp-content\/uploads\/2023\/10\/205-300x200.jpg 300w\" sizes=\"auto, (max-width: 600px) 100vw, 600px\" \/><\/figure><div class=\"wp-block-media-text__content\">\n<p class=\"has-text-align-center\">205<\/p>\n\n\n\n<p class=\"has-text-align-center\">SAVUPELTI 60P<\/p>\n\n\n\n<p class=\"has-text-align-center\">Sis\u00e4mitta 160\u00d7300 mm<br>Ulkomitta 210\u00d7350 mm<\/p>\n<\/div><\/div>\n\n\n\n<p class=\"has-cyan-bluish-gray-background-color has-background\" style=\"font-size:1px\"><\/p>\n\n\n\n<div class=\"wp-block-media-text is-stacked-on-mobile has-white-background-color has-background\" style=\"grid-template-columns:34% auto\"><figure class=\"wp-block-media-text__media\"><img loading=\"lazy\" decoding=\"async\" width=\"800\" height=\"299\" src=\"https:\/\/svtvalut.net\/wp-content\/uploads\/2023\/10\/206.jpg\" alt=\"\" class=\"wp-image-95 size-full\" srcset=\"https:\/\/svtvalut.net\/wp-content\/uploads\/2023\/10\/206.jpg 800w, https:\/\/svtvalut.net\/wp-content\/uploads\/2023\/10\/206-300x112.jpg 300w, https:\/\/svtvalut.net\/wp-content\/uploads\/2023\/10\/206-768x287.jpg 768w\" sizes=\"auto, (max-width: 800px) 100vw, 800px\" \/><\/figure><div class=\"wp-block-media-text__content\">\n<p class=\"has-text-align-center\">206<\/p>\n\n\n\n<p class=\"has-text-align-center\">K\u00c4\u00c4NT\u00d6PELTI<\/p>\n\n\n\n<p class=\"has-text-align-center\">Sis\u00e4mitta 160\u00d7300 mm<br>Varren kokonaispituus n. 1 m<\/p>\n\n\n\n<figure class=\"wp-block-image size-full is-resized\"><a href=\"https:\/\/svtvalut.net\/wp-content\/uploads\/2023\/10\/206_mit.jpg\" target=\"_blank\" rel=\"noreferrer noopener\"><img loading=\"lazy\" decoding=\"async\" src=\"https:\/\/svtvalut.net\/wp-content\/uploads\/2023\/10\/206_mit.jpg\" alt=\"\" class=\"wp-image-101\" style=\"width:128px;height:129px\" width=\"128\" height=\"129\" srcset=\"https:\/\/svtvalut.net\/wp-content\/uploads\/2023\/10\/206_mit.jpg 194w, https:\/\/svtvalut.net\/wp-content\/uploads\/2023\/10\/206_mit-150x150.jpg 150w\" sizes=\"auto, (max-width: 128px) 100vw, 128px\" \/><\/a><\/figure>\n<\/div><\/div>\n\n\n\n<p class=\"has-cyan-bluish-gray-background-color has-background\" style=\"font-size:1px\"><\/p>\n\n\n\n<div class=\"wp-block-media-text is-stacked-on-mobile has-white-background-color has-background\" style=\"grid-template-columns:34% auto\"><figure class=\"wp-block-media-text__media\"><img loading=\"lazy\" decoding=\"async\" width=\"800\" height=\"316\" src=\"https:\/\/svtvalut.net\/wp-content\/uploads\/2023\/10\/207.jpg\" alt=\"\" class=\"wp-image-96 size-full\" srcset=\"https:\/\/svtvalut.net\/wp-content\/uploads\/2023\/10\/207.jpg 800w, https:\/\/svtvalut.net\/wp-content\/uploads\/2023\/10\/207-300x119.jpg 300w, https:\/\/svtvalut.net\/wp-content\/uploads\/2023\/10\/207-768x303.jpg 768w\" sizes=\"auto, (max-width: 800px) 100vw, 800px\" \/><\/figure><div class=\"wp-block-media-text__content\">\n<p class=\"has-text-align-center\">207<\/p>\n\n\n\n<p class=\"has-text-align-center\">YL\u00c4LIITTYM\u00c4PELTI<\/p>\n\n\n\n<p class=\"has-text-align-center\">Sis\u00e4mitta 150\u00d7250 mm<br> Varren kokonaispituus n. 1 m<\/p>\n\n\n<div class=\"wp-block-image\">\n<figure class=\"alignleft size-full is-resized\"><a href=\"https:\/\/svtvalut.net\/wp-content\/uploads\/2023\/10\/207_mit.jpg\" target=\"_blank\" rel=\"noreferrer noopener\"><img loading=\"lazy\" decoding=\"async\" src=\"https:\/\/svtvalut.net\/wp-content\/uploads\/2023\/10\/207_mit.jpg\" alt=\"\" class=\"wp-image-99\" style=\"width:220px;height:71px\" width=\"220\" height=\"71\" srcset=\"https:\/\/svtvalut.net\/wp-content\/uploads\/2023\/10\/207_mit.jpg 418w, https:\/\/svtvalut.net\/wp-content\/uploads\/2023\/10\/207_mit-300x96.jpg 300w\" sizes=\"auto, (max-width: 220px) 100vw, 220px\" \/><\/a><\/figure>\n<\/div><\/div><\/div>\n\n\n\n<p class=\"has-cyan-bluish-gray-background-color has-background\" style=\"font-size:1px\"><\/p>\n\n\n\n<div class=\"wp-block-media-text is-stacked-on-mobile has-white-background-color has-background\" style=\"grid-template-columns:45% auto\"><figure class=\"wp-block-media-text__media\"><img loading=\"lazy\" decoding=\"async\" width=\"800\" height=\"306\" src=\"https:\/\/svtvalut.net\/wp-content\/uploads\/2023\/10\/208.jpg\" alt=\"\" class=\"wp-image-97 size-full\" srcset=\"https:\/\/svtvalut.net\/wp-content\/uploads\/2023\/10\/208.jpg 800w, https:\/\/svtvalut.net\/wp-content\/uploads\/2023\/10\/208-300x115.jpg 300w, https:\/\/svtvalut.net\/wp-content\/uploads\/2023\/10\/208-768x294.jpg 768w\" sizes=\"auto, (max-width: 800px) 100vw, 800px\" \/><\/figure><div class=\"wp-block-media-text__content\">\n<p class=\"has-text-align-center\">208<\/p>\n\n\n\n<p class=\"has-text-align-center\">YL\u00c4LIITTYM\u00c4PELTI<\/p>\n\n\n\n<p class=\"has-text-align-center\">Sis\u00e4mitta 220\u00d7220 mm<br> Varren kokonaispituus n. 1 m<\/p>\n\n\n<div class=\"wp-block-image\">\n<figure class=\"alignleft size-full is-resized\"><a href=\"https:\/\/svtvalut.net\/wp-content\/uploads\/2023\/10\/208_mit.jpg\" target=\"_blank\" rel=\"noreferrer noopener\"><img loading=\"lazy\" decoding=\"async\" src=\"https:\/\/svtvalut.net\/wp-content\/uploads\/2023\/10\/208_mit.jpg\" alt=\"\" class=\"wp-image-98\" style=\"width:228px;height:81px\" width=\"228\" height=\"81\" srcset=\"https:\/\/svtvalut.net\/wp-content\/uploads\/2023\/10\/208_mit.jpg 445w, https:\/\/svtvalut.net\/wp-content\/uploads\/2023\/10\/208_mit-300x107.jpg 300w\" sizes=\"auto, (max-width: 228px) 100vw, 228px\" \/><\/a><\/figure>\n<\/div><\/div><\/div>\n\n\n\n<p><\/p>\n","protected":false},"excerpt":{"rendered":"<p>101 ARINA 1 Sis\u00e4mitta 195\u00d7360 mmUlkomitta 260\u00d7415 mm 102 ARINA 1B Sis\u00e4mitta 135\u00d7240 mmUlkomitta 135\u00d7290 mm 103 ARINA 2 Sis\u00e4mitta 110\u00d7365 mmUlkomitta 110\u00d7400 mm 104 ARINA 2K Sis\u00e4mitta 135\u00d7425 mmUlkomitta 175\u00d7425 mm 105 ARINA 3 Sis\u00e4mitta 140\u00d7345 mmUlkomitta 140\u00d7390 mm 106 ARINA 3K Sis\u00e4mitta 165\u00d7410 mmUlkomitta 210\u00d7410 mm 107 ARINA 3B Sis\u00e4mitta 210\u00d7345 mmUlkomitta 210\u00d7405 [&hellip;]<\/p>\n","protected":false},"author":1,"featured_media":0,"parent":0,"menu_order":0,"comment_status":"closed","ping_status":"closed","template":"","meta":{"footnotes":""},"class_list":["post-50","page","type-page","status-publish","hentry"],"_links":{"self":[{"href":"https:\/\/svtvalut.net\/index.php\/wp-json\/wp\/v2\/pages\/50","targetHints":{"allow":["GET"]}}],"collection":[{"href":"https:\/\/svtvalut.net\/index.php\/wp-json\/wp\/v2\/pages"}],"about":[{"href":"https:\/\/svtvalut.net\/index.php\/wp-json\/wp\/v2\/types\/page"}],"author":[{"embeddable":true,"href":"https:\/\/svtvalut.net\/index.php\/wp-json\/wp\/v2\/users\/1"}],"replies":[{"embeddable":true,"href":"https:\/\/svtvalut.net\/index.php\/wp-json\/wp\/v2\/comments?post=50"}],"version-history":[{"count":17,"href":"https:\/\/svtvalut.net\/index.php\/wp-json\/wp\/v2\/pages\/50\/revisions"}],"predecessor-version":[{"id":191,"href":"https:\/\/svtvalut.net\/index.php\/wp-json\/wp\/v2\/pages\/50\/revisions\/191"}],"wp:attachment":[{"href":"https:\/\/svtvalut.net\/index.php\/wp-json\/wp\/v2\/media?parent=50"}],"curies":[{"name":"wp","href":"https:\/\/api.w.org\/{rel}","templated":true}]}}