{"id":800,"date":"2026-03-26T16:58:23","date_gmt":"2026-03-26T16:58:23","guid":{"rendered":"https:\/\/svtvalut.net\/?page_id=800"},"modified":"2026-03-26T17:00:03","modified_gmt":"2026-03-26T17:00:03","slug":"ean-koodit","status":"publish","type":"page","link":"https:\/\/svtvalut.net\/index.php\/ean-koodit\/","title":{"rendered":"EAN-Koodit"},"content":{"rendered":"\n<p>101 Arina 1 \/260<em>415mm EAN6419876001013 <br>102 Arina 1B \/135<\/em>290mm EAN6419876001020<br>103 Arina 2 \/110<em>400mm EAN6419876001037 <br>104 Arina 2K \/175<\/em>425mm EAN6419876001044<br>105 Arina 3 \/140<em>390mm EAN6419876001051 <br>106 Arina 3K \/210<\/em>410mm EAN6419876001068<br>107 Arina 3B \/210<em>405mm EAN6419876001075 <br>108 Arina 6L \/175<\/em>410mm EAN6419876001082<br>109 Arina 47 \/220<em>325mm EAN6419876001099 <br>110 Arina 57 \/240<\/em>415mm EAN6419876001105<br>111 Arina 12 255\/290<em>260 EAN6419876001112 <br>112 Arina 355<\/em>160 EAN6419876001129<br>201 Savupelti 40 \/160<em>160mm EAN6419876002010 <br>202 Savupelti 50S \/230<\/em>160mm EAN6419876002027<br>203 Savupelti 50P \/160<em>230mm EAN6419876002034 <br>204 Savupelti 60S \/300<\/em>160mm EAN6419876002041<br>205 Savupelti 60P \/160<em>300mm EAN6419876002058 <br>206 K\u00e4\u00e4nt\u00f6pelti \/160<\/em>300mm EAN6419876002065<br>207 YL-Pelti \/150<em>250mm EAN6419876002072 <br>208 YL-Pelti \/220<\/em>220mm EAN6419876002089<\/p>\n\n\n\n<p>301 Liesit. 5A \/460<em>700mm EAN6419876003017 <br>302 Liesit. 3A650<\/em>980mm EAN6419876003024<br>303 Keittolevy 1 \/207mm EAN6419876003031<br>304 Keittolevy 2 \/263mm EAN6419876003048<br>305 Keittolevy 3 \/325mm EAN6419876003055<br>306 Keittolevy 4 \/393mm EAN6419876003062<br>307 Keittolevy 5 \/295mm EAN6419876003079<br>308 Keittolevy 6 \/360mm EAN6419876003086<br>311 Liesit. 5A keraam. EAN6419876003116<br>312 Liesit. 3A keraam EAN6419876003123<br>319 Liesit. 530<em>470mm\/kl 4 EAN6419876003194 <br>320 Liesit. 295<\/em>325mm\/kl 1 EAN6419876003208<br>321 Liesit. 5A \/345*580mm\/kl 1,2 EAN6419876003215<\/p>\n\n\n\n<p>400 Takkal.\/hk 50<em>50 2-ov\/ikv. EAN6419876004007 <br>401 Takkal.\/hk 41<\/em>41 2-ov\/ikv. EAN6419876004014<br>402 Takkal.\/hk 41<em>41 2-ov+kv. EAN6419876004021 <br>403 Takkal.\/ph 41<\/em>41 2-ov\/ikv. EAN6419876004038<br>404 Takkal.\/ph 41<em>41 2-ov+kv. EAN6419876004045 <br>405 Takkal. 1-ov\/oik. 41<\/em>41 EAN6419876004052<br>406 Takkal. 1-ov\/vas. 41<em>41 EAN6419876004069 <br>408 Takkal.\/hk 310<\/em>275mm\/ikv. EAN6419876004083<br>409 Takkal.\/hk 310<em>275mm+kv. EAN6419876004090 <br>410 Takkal. 1-ov\/oik. 325<\/em>290mm EAN6419876004106<br>411 Takkal. 1-ov.\/umpil. oik. EAN6419876004113<br>412 Takkal. 1-ov.\/vas. 325<em>290mm EAN6419876004120 <br>413 Erkkeril. \/hk 325<\/em>555mm EAN6419876004137<br>414 Erkkeril. \/hk\/2-ov. 325<em>555mm EAN6419876004144 <br>415 Erkkeril. \/ph\/2-ov. 325<\/em>555mm EAN6419876004151<br>416 Erkkeril. \/hk 410<em>680mm EAN6419876004168 <br>417 Erkkeril. \/ph 410<\/em>680mm EAN6419876004175<br>421 Leivinuunil.\/kt\/umpi\/vas. EAN6419876004212<br>422 Leivinuunil.\/kt\/umpi\/oik. EAN6419876004229<br>423 Leivinuunil.\/kt\/lasi\/vas. EAN6419876004236<\/p>\n\n\n\n<p>424 Leivinuunil.\/kt\/lasi\/oik. EAN6419876004243<br>425 Leivinuunil.\/umpi\/18<em>23<\/em>44 EAN6419876004250<br>426 Leivinuunil.\/lasi\/18<em>23<\/em>44 EAN6419876004267<br>430 Tulipes\u00e4nl.\/umpi\/345<em>180 EAN6419876004304 <br>431 Tulipes\u00e4nl.\/lasi\/345<\/em>180 EAN6419876004311<br>432 Tuhkal.\/sar\/130<em>270 EAN6419876004328 <br>433 Tuhkal.\/kt.\/130<\/em>270 EAN6419876004335<br>434 Nokil.\/130<em>130\/kn. EAN6419876004342 <br>435 Nokil.\/130<\/em>130\/irton. EAN6419876004359<br>437 Nokil.\/65<em>130\/kn. EAN6419876004373 <br>439 HA-luukku\/sar.\/80<\/em>270 EAN6419876004397<br>440 HA-luukku\/sar.\/80<em>410 EAN6419876004403 <br>446 Paistouuni \/umpil. EAN6419876004465 <br>447 Paistouuni \/lasil. EAN6419876004472 <br>449 Paistouuninl.\/umpi\/vedons. EAN6419876004496 <br>450 Paistouuninl.\/umpi EAN6419876004502 451 Paistouuninl.\/lasi EAN6419876004519 <br>470 Tulisijan lasil.\/kt.\/180<\/em>220 EAN6419876004700<\/p>\n\n\n\n<p>501 Takkal. 1-ov\/kt\/lasi\/ 410<em>410mm EAN6419876005011 <br>502 Takkal. 1-ov 250<\/em>360mm EAN6419876005028<br>505 K\u00e4\u00e4nt\u00f6luuk. \/kt 410<em>275mm EAN6419876005059 <br>515 Erkkeril. 410<\/em>655 EAN6419876005158<br>531 Tulipes\u00e4nl.\/lasi\/370<em>185 EAN6419876005318 <br>533 Tuhkal.\/130<\/em>270 EAN6419876005332<br>534 Nokil.\/130*130\/kn. EAN6419876005349<br>547 Paistouuni &amp; nokil. EAN6419876005479<\/p>\n\n\n\n<p>601 Gent-valmistakka EAN6419876006018<br>604 Saimaa-kiertoilmatakka EAN6419876006049<br>610 Sissi, musta EAN6419876006100<br>611 Sissi, valkoinen EAN6419876006117<br>614 Sissi Basic, musta,lasil. EAN6419876006148<br>616 Valurautakamina J\u00e4tk\u00e4 5 EAN6419876006162<\/p>\n\n\n\n<p>640 Puuliesi SVT81 valk.\/oikea EAN6419876006407<br>641 Puuliesi SVT81 valk.\/vasen EAN6419876006414<br>644 Puuliesi SVT93 valk.\/oikea EAN6419876006445<br>645 Puuliesi SVT93 valk.\/vasen EAN6419876006452<br>650 Puuliesi SVT81 rusk.\/oikea EAN6419876006506<br>651 Puuliesi SVT81 rusk.\/vasen EAN6419876006513<br>654 Puuliesi SVT93 rusk.\/oikea EAN6419876006544<br>655 Puuliesi SVT93 rusk.\/vasen EAN6419876006551<\/p>\n\n\n\n<p>701 Mp-pannu 350mm ilman jalkoja EAN6419876007015<br>702 Mp-pannu 430mm ilman jalkoja EAN6419876007022<br>705 Pannuparila 244<em>440 EAN6419876007053 <br>740 Valurautainen joulukuusenjalka EAN6419876007404 <br>820 Peltinen tuhkalaat.\/90<\/em>220<em>400 EAN6419876008203 830 Irtonuppi valurautaa EAN6419876008302 <br>840 Kipin\u00e4v.\/410<\/em>410-luukkuun EAN6419876008401<br>841 Kipin\u00e4v.\/310*270-luukkuun EAN6419876008418<\/p>\n\n\n\n<p>856 Savuputkisetti\/90\u00b0\/150mm EAN6419876008562<br>857 Hormiliitosp. \u2205150mm\/200mm EAN6419876008579<br>858 Hormiliitosp. \u2205150mm\/90\u00b0 EAN6419876008586<\/p>\n","protected":false},"excerpt":{"rendered":"<p>101 Arina 1 \/260415mm EAN6419876001013 102 Arina 1B \/135290mm EAN6419876001020103 Arina 2 \/110400mm EAN6419876001037 104 Arina 2K \/175425mm EAN6419876001044105 Arina 3 \/140390mm EAN6419876001051 106 Arina 3K \/210410mm EAN6419876001068107 Arina 3B \/210405mm EAN6419876001075 108 Arina 6L \/175410mm EAN6419876001082109 Arina 47 \/220325mm EAN6419876001099 110 Arina 57 \/240415mm EAN6419876001105111 Arina 12 255\/290260 EAN6419876001112 112 Arina 355160 EAN6419876001129201 Savupelti [&hellip;]<\/p>\n","protected":false},"author":1,"featured_media":0,"parent":0,"menu_order":0,"comment_status":"closed","ping_status":"closed","template":"","meta":{"footnotes":""},"class_list":["post-800","page","type-page","status-publish","hentry"],"_links":{"self":[{"href":"https:\/\/svtvalut.net\/index.php\/wp-json\/wp\/v2\/pages\/800","targetHints":{"allow":["GET"]}}],"collection":[{"href":"https:\/\/svtvalut.net\/index.php\/wp-json\/wp\/v2\/pages"}],"about":[{"href":"https:\/\/svtvalut.net\/index.php\/wp-json\/wp\/v2\/types\/page"}],"author":[{"embeddable":true,"href":"https:\/\/svtvalut.net\/index.php\/wp-json\/wp\/v2\/users\/1"}],"replies":[{"embeddable":true,"href":"https:\/\/svtvalut.net\/index.php\/wp-json\/wp\/v2\/comments?post=800"}],"version-history":[{"count":2,"href":"https:\/\/svtvalut.net\/index.php\/wp-json\/wp\/v2\/pages\/800\/revisions"}],"predecessor-version":[{"id":802,"href":"https:\/\/svtvalut.net\/index.php\/wp-json\/wp\/v2\/pages\/800\/revisions\/802"}],"wp:attachment":[{"href":"https:\/\/svtvalut.net\/index.php\/wp-json\/wp\/v2\/media?parent=800"}],"curies":[{"name":"wp","href":"https:\/\/api.w.org\/{rel}","templated":true}]}}